{"id":2,"date":"2022-01-02T19:31:48","date_gmt":"2022-01-02T18:31:48","guid":{"rendered":"http:\/\/62.119.150.180\/?page_id=2"},"modified":"2022-04-09T22:44:43","modified_gmt":"2022-04-09T20:44:43","slug":"camping","status":"publish","type":"page","link":"https:\/\/notes.loof.it\/index.php\/camping\/","title":{"rendered":"Camping"},"content":{"rendered":"\n<p>Testar att skriva n\u00e5got<\/p>\n\n\n\n<blockquote class=\"wp-block-quote is-layout-flow wp-block-quote-is-layout-flow\"><p>Testar att skriva lite till<\/p><\/blockquote>\n\n\n\n<p>&#8230; eller n\u00e5got liknande detta:<\/p>\n\n\n\n<blockquote class=\"wp-block-quote is-layout-flow wp-block-quote-is-layout-flow\"><p>Man skall ha husvagn<\/p><\/blockquote>\n\n\n\n<p>En sida om dagen \u00e4r f\u00f6r magen<\/p>\n","protected":false},"excerpt":{"rendered":"<p>Testar att skriva n\u00e5got Testar att skriva lite till &#8230; eller n\u00e5got liknande detta: Man skall ha husvagn En sida om dagen \u00e4r f\u00f6r magen<\/p>\n","protected":false},"author":1,"featured_media":1032,"parent":0,"menu_order":0,"comment_status":"closed","ping_status":"closed","template":"","meta":{"footnotes":""},"class_list":["post-2","page","type-page","status-publish","has-post-thumbnail","hentry"],"_links":{"self":[{"href":"https:\/\/notes.loof.it\/index.php\/wp-json\/wp\/v2\/pages\/2","targetHints":{"allow":["GET"]}}],"collection":[{"href":"https:\/\/notes.loof.it\/index.php\/wp-json\/wp\/v2\/pages"}],"about":[{"href":"https:\/\/notes.loof.it\/index.php\/wp-json\/wp\/v2\/types\/page"}],"author":[{"embeddable":true,"href":"https:\/\/notes.loof.it\/index.php\/wp-json\/wp\/v2\/users\/1"}],"replies":[{"embeddable":true,"href":"https:\/\/notes.loof.it\/index.php\/wp-json\/wp\/v2\/comments?post=2"}],"version-history":[{"count":2,"href":"https:\/\/notes.loof.it\/index.php\/wp-json\/wp\/v2\/pages\/2\/revisions"}],"predecessor-version":[{"id":3355,"href":"https:\/\/notes.loof.it\/index.php\/wp-json\/wp\/v2\/pages\/2\/revisions\/3355"}],"wp:featuredmedia":[{"embeddable":true,"href":"https:\/\/notes.loof.it\/index.php\/wp-json\/wp\/v2\/media\/1032"}],"wp:attachment":[{"href":"https:\/\/notes.loof.it\/index.php\/wp-json\/wp\/v2\/media?parent=2"}],"curies":[{"name":"wp","href":"https:\/\/api.w.org\/{rel}","templated":true}]}}